{"id":446,"date":"2024-09-18T10:20:13","date_gmt":"2024-09-18T10:20:13","guid":{"rendered":"http:\/\/klinikaurologii.wum.edu.pl\/?page_id=446"},"modified":"2024-10-29T10:31:13","modified_gmt":"2024-10-29T10:31:13","slug":"dzialalnosc-naukowa","status":"publish","type":"page","link":"https:\/\/klinikaurologii.wum.edu.pl\/index.php\/dzialalnosc-naukowa\/","title":{"rendered":"Dzia\u0142alno\u015b\u0107 naukowa"},"content":{"rendered":"\t\t<div data-elementor-type=\"wp-page\" data-elementor-id=\"446\" class=\"elementor elementor-446\" data-elementor-post-type=\"page\">\n\t\t\t\t<div class=\"elementor-element elementor-element-8e3aa91 e-flex e-con-boxed e-con e-parent\" data-id=\"8e3aa91\" data-element_type=\"container\" data-e-type=\"container\" data-settings=\"{&quot;background_background&quot;:&quot;classic&quot;}\">\n\t\t\t\t\t<div class=\"e-con-inner\">\n\t\t<div class=\"elementor-element elementor-element-8988b7d e-con-full e-flex e-con e-child\" data-id=\"8988b7d\" data-element_type=\"container\" data-e-type=\"container\">\n\t\t\t\t<div class=\"elementor-element elementor-element-094e779 elementor-align-center elementor-widget elementor-widget-button\" data-id=\"094e779\" data-element_type=\"widget\" data-e-type=\"widget\" data-widget_type=\"button.default\">\n\t\t\t\t<div class=\"elementor-widget-container\">\n\t\t\t\t\t\t\t\t\t<div class=\"elementor-button-wrapper\">\n\t\t\t\t\t<a class=\"elementor-button elementor-size-sm\" role=\"button\">\n\t\t\t\t\t\t<span class=\"elementor-button-content-wrapper\">\n\t\t\t\t\t\t\t\t\t<span class=\"elementor-button-text\">Dzia\u0142alno\u015b\u0107 naukowa<\/span>\n\t\t\t\t\t<\/span>\n\t\t\t\t\t<\/a>\n\t\t\t\t<\/div>\n\t\t\t\t\t\t\t\t<\/div>\n\t\t\t\t<\/div>\n\t\t\t\t<\/div>\n\t\t\t\t\t<\/div>\n\t\t\t\t<\/div>\n\t\t<div class=\"elementor-element elementor-element-5b6a0d8 e-flex e-con-boxed e-con e-parent\" data-id=\"5b6a0d8\" data-element_type=\"container\" data-e-type=\"container\" data-settings=\"{&quot;background_background&quot;:&quot;classic&quot;}\">\n\t\t\t\t\t<div class=\"e-con-inner\">\n\t\t<div class=\"elementor-element elementor-element-3f03619 e-con-full e-flex e-con e-child\" data-id=\"3f03619\" data-element_type=\"container\" data-e-type=\"container\">\n\t\t<div class=\"elementor-element elementor-element-b61d867 e-con-full e-flex e-con e-child\" data-id=\"b61d867\" data-element_type=\"container\" data-e-type=\"container\" id=\"klinika\">\n\t\t<div class=\"elementor-element elementor-element-e631cfb e-con-full e-flex e-con e-child\" data-id=\"e631cfb\" data-element_type=\"container\" data-e-type=\"container\" id=\"klinika\">\n\t\t\t\t<div class=\"elementor-element elementor-element-40172b8 elementor-widget elementor-widget-text-editor\" data-id=\"40172b8\" data-element_type=\"widget\" data-e-type=\"widget\" data-widget_type=\"text-editor.default\">\n\t\t\t\t<div class=\"elementor-widget-container\">\n\t\t\t\t\t\t\t\t\t<p><span style=\"font-weight: 400;\">Dzia\u0142alno\u015b\u0107 naukowa Kliniki jest istotnym aspektem pracy w Szpitalu Uniwersyteckim, kt\u00f3rego celem\u00a0 jest nie tylko zapewenienie najwy\u017cszych standard\u00f3w opieki klinicznej, lecz r\u00f3wnie\u017c udoskonalenie dotychczasowych metod leczenia i prowadzenie bada\u0144 naukowych.\u00a0<\/span><\/p><p><span style=\"font-weight: 400;\">Obecnie w Klinice prowadzone s\u0105 liczne projekty badawcze maj\u0105ce na celu ulepszenie dotychczasowych algorytm\u00f3w post\u0119powania, rozw\u00f3j wiedzy medycznej w zakresie leczonych chor\u00f3b oraz udodkonalenie metod leczenia chirurgicznego.\u00a0<\/span><\/p><p><span style=\"font-weight: 400;\">Efektem prowadzonej dzia\u0142alno\u015bci naukowej s\u0105 liczne publikacje w renomowanych czasopismach naukowych, wyst\u0105pienia na mi\u0119dzynarodowych konferencjach naukowych oraz granty badawcze.<\/span><\/p><p><span style=\"font-weight: 400;\">Rocznie w Klinice powstaje \u015brednio ok. 15-20 artyku\u0142\u00f3w naukowych publikowanych w renomonowanych czasopismach o zasi\u0119gu mi\u0119dzynarodowym o \u0142\u0105cznym wsp\u00f3\u0142czynniku wp\u0142ywu Impact Factor ok 100 punkt\u00f3w.<\/span><\/p><p><span style=\"font-weight: 400;\">Lekarze prowadz\u0105cy dzia\u0142alno\u015b\u0107 naukow\u0105 wsp\u00f3\u0142pracuj\u0105 z czo\u0142owymi o\u015brodkami urologicznymi w kraju i za granic\u0105 oraz s\u0105 aktywnymi cz\u0142onkami polskich i zagranicznych towarzystw naukowych.<\/span><\/p><p><span style=\"font-weight: 400;\">\u00a0\u00a0<\/span><\/p><p><strong>W Klinice prowadzone s\u0105 obecnie projekty naukowe dotycz\u0105ce:<\/strong><\/p><ul><li style=\"font-weight: 400;\" aria-level=\"1\"><span style=\"font-weight: 400;\">raka gruczo\u0142u krokowego<\/span><\/li><li style=\"font-weight: 400;\" aria-level=\"1\"><span style=\"font-weight: 400;\">raka p\u0119cherza moczowego i g\u00f3rnych dr\u00f3g moczowych<\/span><\/li><li style=\"font-weight: 400;\" aria-level=\"1\"><span style=\"font-weight: 400;\">raka nerki<\/span><\/li><li style=\"font-weight: 400;\" aria-level=\"1\"><span style=\"font-weight: 400;\">kamicy uk\u0142adu moczowego i metod leczenia ma\u0142oinwazyjnego<\/span><\/li><li style=\"font-weight: 400;\" aria-level=\"1\"><span style=\"font-weight: 400;\">zespo\u0142u bolesnej miednicy\/ \u015br\u00f3dmi\u0105\u017cszowego zapalenia p\u0119cherza\u00a0<\/span><\/li><li style=\"font-weight: 400;\" aria-level=\"1\"><span style=\"font-weight: 400;\">niedoczynno\u015bci wypieracza<\/span><\/li><\/ul><div>\u00a0<\/div><p><strong>Prospektywne projekty badawcze to:<\/strong><\/p><ul><li style=\"font-weight: 400;\" aria-level=\"1\"><span style=\"font-weight: 400;\">Zastosowanie proszku hemostatycznego w celu zmniejszenia ryzyka ch\u0142onkotoku po robotycznej prostatektomii radykalnej\u00a0<\/span><\/li><li style=\"font-weight: 400;\" aria-level=\"1\"><span style=\"font-weight: 400;\">Zastosowanie koszulek dost\u0119powych z podci\u015bnieniem w czasie gi\u0119tkiej ureterorenoskpii z litotrypsj\u0105 u pacjent\u00f3w z kamic\u0105 nerkow\u0105<\/span><\/li><li style=\"font-weight: 400;\" aria-level=\"1\"><span style=\"font-weight: 400;\">Skuteczno\u015bci neuromodulacji krzy\u017cowej u pacjent\u00f3w z chorobami neuropdegeneracyjnymi<\/span><\/li><li style=\"font-weight: 400;\" aria-level=\"1\"><span style=\"font-weight: 400;\">Warto\u015b\u0107 wieloparametrycznego rezonansu magnetycznego wed\u0142ug protoko\u0142u VIRADS w ocenie stopnia zaawansowania miejscowego i rokowowania raka urotelialnego p\u0119cherza moczowego<\/span><\/li><li style=\"font-weight: 400;\" aria-level=\"1\"><span style=\"font-weight: 400;\">Charakterystyka mikrobiomu p\u0119cherza moczowego oraz jego zwi\u0105zku z przebiegiem raka p\u0119cherza moczowego<\/span><\/li><li style=\"font-weight: 400;\" aria-level=\"1\"><span style=\"font-weight: 400;\">Skuteczno\u015b\u0107 przeszczepienia mi\u0119\u015bnia najszerszego grzbietu w niedoczynno\u015bci wypieracza\u00a0<\/span><\/li><li style=\"font-weight: 400;\" aria-level=\"1\"><span style=\"font-weight: 400;\">Por\u00f3wnanie r\u00f3\u017cnych technik resekcji moczowodu w czasie nefroureterektomii radykalnej u pacjent\u00f3w z rakiem g\u00f3rnych dr\u00f3g moczowych<\/span><\/li><li style=\"font-weight: 400;\" aria-level=\"1\"><span style=\"font-weight: 400;\">Ocena znaczenia mikro\u015brodowiska guza nerki oraz czopu nowotworowego w uk\u0142adzie \u017cylnym u pacjent\u00f3w z rakiem nerkowokom\u00f3rkowym poddawanych radykalnej nefrektomii z trombektomi\u0105<\/span><\/li><\/ul>\t\t\t\t\t\t\t\t<\/div>\n\t\t\t\t<\/div>\n\t\t\t\t<\/div>\n\t\t\t\t<\/div>\n\t\t\t\t<\/div>\n\t\t\t\t\t<\/div>\n\t\t\t\t<\/div>\n\t\t\t\t<\/div>\n\t\t","protected":false},"excerpt":{"rendered":"<p>Dzia\u0142alno\u015b\u0107 naukowa Dzia\u0142alno\u015b\u0107 naukowa Kliniki jest istotnym aspektem pracy w Szpitalu Uniwersyteckim, kt\u00f3rego celem\u00a0 jest nie tylko zapewenienie najwy\u017cszych standard\u00f3w opieki klinicznej, lecz r\u00f3wnie\u017c udoskonalenie dotychczasowych metod leczenia i prowadzenie bada\u0144 naukowych.\u00a0 Obecnie w Klinice prowadzone s\u0105 liczne projekty badawcze maj\u0105ce na celu ulepszenie dotychczasowych algorytm\u00f3w post\u0119powania, rozw\u00f3j wiedzy medycznej w zakresie leczonych chor\u00f3b oraz [&hellip;]<\/p>\n","protected":false},"author":1,"featured_media":0,"parent":0,"menu_order":0,"comment_status":"closed","ping_status":"closed","template":"elementor_header_footer","meta":{"footnotes":""},"class_list":["post-446","page","type-page","status-publish","hentry"],"_links":{"self":[{"href":"https:\/\/klinikaurologii.wum.edu.pl\/index.php\/wp-json\/wp\/v2\/pages\/446","targetHints":{"allow":["GET"]}}],"collection":[{"href":"https:\/\/klinikaurologii.wum.edu.pl\/index.php\/wp-json\/wp\/v2\/pages"}],"about":[{"href":"https:\/\/klinikaurologii.wum.edu.pl\/index.php\/wp-json\/wp\/v2\/types\/page"}],"author":[{"embeddable":true,"href":"https:\/\/klinikaurologii.wum.edu.pl\/index.php\/wp-json\/wp\/v2\/users\/1"}],"replies":[{"embeddable":true,"href":"https:\/\/klinikaurologii.wum.edu.pl\/index.php\/wp-json\/wp\/v2\/comments?post=446"}],"version-history":[{"count":22,"href":"https:\/\/klinikaurologii.wum.edu.pl\/index.php\/wp-json\/wp\/v2\/pages\/446\/revisions"}],"predecessor-version":[{"id":1424,"href":"https:\/\/klinikaurologii.wum.edu.pl\/index.php\/wp-json\/wp\/v2\/pages\/446\/revisions\/1424"}],"wp:attachment":[{"href":"https:\/\/klinikaurologii.wum.edu.pl\/index.php\/wp-json\/wp\/v2\/media?parent=446"}],"curies":[{"name":"wp","href":"https:\/\/api.w.org\/{rel}","templated":true}]}}