{"id":414,"date":"2024-09-18T10:05:52","date_gmt":"2024-09-18T10:05:52","guid":{"rendered":"http:\/\/klinikaurologii.wum.edu.pl\/?page_id=414"},"modified":"2024-10-02T17:05:34","modified_gmt":"2024-10-02T17:05:34","slug":"kolo-naukowe","status":"publish","type":"page","link":"https:\/\/klinikaurologii.wum.edu.pl\/index.php\/kolo-naukowe\/","title":{"rendered":"Ko\u0142o naukowe"},"content":{"rendered":"\t\t<div data-elementor-type=\"wp-page\" data-elementor-id=\"414\" class=\"elementor elementor-414\" data-elementor-post-type=\"page\">\n\t\t\t\t<div class=\"elementor-element elementor-element-8e3aa91 e-flex e-con-boxed e-con e-parent\" data-id=\"8e3aa91\" data-element_type=\"container\" data-e-type=\"container\" data-settings=\"{&quot;background_background&quot;:&quot;classic&quot;}\">\n\t\t\t\t\t<div class=\"e-con-inner\">\n\t\t<div class=\"elementor-element elementor-element-8988b7d e-con-full e-flex e-con e-child\" data-id=\"8988b7d\" data-element_type=\"container\" data-e-type=\"container\">\n\t\t\t\t<div class=\"elementor-element elementor-element-094e779 elementor-align-center elementor-widget elementor-widget-button\" data-id=\"094e779\" data-element_type=\"widget\" data-e-type=\"widget\" data-widget_type=\"button.default\">\n\t\t\t\t<div class=\"elementor-widget-container\">\n\t\t\t\t\t\t\t\t\t<div class=\"elementor-button-wrapper\">\n\t\t\t\t\t<a class=\"elementor-button elementor-size-sm\" role=\"button\">\n\t\t\t\t\t\t<span class=\"elementor-button-content-wrapper\">\n\t\t\t\t\t\t\t\t\t<span class=\"elementor-button-text\">English Division<\/span>\n\t\t\t\t\t<\/span>\n\t\t\t\t\t<\/a>\n\t\t\t\t<\/div>\n\t\t\t\t\t\t\t\t<\/div>\n\t\t\t\t<\/div>\n\t\t\t\t<\/div>\n\t\t\t\t\t<\/div>\n\t\t\t\t<\/div>\n\t\t<div class=\"elementor-element elementor-element-5b6a0d8 e-flex e-con-boxed e-con e-parent\" data-id=\"5b6a0d8\" data-element_type=\"container\" data-e-type=\"container\" data-settings=\"{&quot;background_background&quot;:&quot;classic&quot;}\">\n\t\t\t\t\t<div class=\"e-con-inner\">\n\t\t<div class=\"elementor-element elementor-element-3f03619 e-con-full e-flex e-con e-child\" data-id=\"3f03619\" data-element_type=\"container\" data-e-type=\"container\">\n\t\t<div class=\"elementor-element elementor-element-b61d867 e-con-full e-flex e-con e-child\" data-id=\"b61d867\" data-element_type=\"container\" data-e-type=\"container\" id=\"klinika\">\n\t\t<div class=\"elementor-element elementor-element-e631cfb e-con-full e-flex e-con e-child\" data-id=\"e631cfb\" data-element_type=\"container\" data-e-type=\"container\" id=\"klinika\">\n\t\t\t\t<div class=\"elementor-element elementor-element-40172b8 elementor-widget elementor-widget-text-editor\" data-id=\"40172b8\" data-element_type=\"widget\" data-e-type=\"widget\" data-widget_type=\"text-editor.default\">\n\t\t\t\t<div class=\"elementor-widget-container\">\n\t\t\t\t\t\t\t\t\t<p><b>Studenckie Ko\u0142o Naukowe Urologii &#8211; O nas<\/b><\/p><p>Jeste\u015bmy grup\u0105 student\u00f3w z pasj\u0105 do urologii, kt\u00f3r\u0105 rozwijamy na wielu p\u0142aszczyznach. Nasze Ko\u0142o Naukowe to dynamiczna spo\u0142eczno\u015b\u0107, kt\u00f3ra stale poszerza swoj\u0105 wiedz\u0119 oraz praktyczne i badawcze umiej\u0119tno\u015bci. Poprzez nasze dzia\u0142ania, budujemy solidne podstawy do dalszego rozwoju naukowego i zawodowego w tej fascynuj\u0105cej dziedzinie medycyny.<\/p><p>\u00a0<\/p><p><span style=\"color: #af9369;\"><b>Nasze projekty<\/b><\/span><\/p><ol><li><b> Warsztaty z cewnikowania<\/b><\/li><\/ol><p>Co roku organizujemy popularne warsztaty praktyczne z cewnikowania we wsp\u00f3\u0142pracy z IFMSA Polska. To wyj\u0105tkowa okazja, aby zdoby\u0107 niezb\u0119dne umiej\u0119tno\u015bci kliniczne pod okiem do\u015bwiadczonych koleg\u00f3w i kole\u017canek, ciesz\u0105c si\u0119 du\u017cym zainteresowaniem w\u015br\u00f3d spo\u0142eczno\u015bci akademickiej WUM.<\/p><ol start=\"2\"><li><b> Pisanie prac naukowych<\/b><\/li><\/ol><p>Rozpoczynamy dzia\u0142alno\u015b\u0107 naukow\u0105 pod opiek\u0105 do\u015bwiadczonych mentor\u00f3w, skupiaj\u0105c si\u0119 na aktualnych tematach z zakresu urologii. Nasze prace s\u0105 publikowane w renomowanych, mi\u0119dzynarodowych czasopismach z wysokim wska\u017anikiem wp\u0142ywu (IF). Cz\u0142onkowie Ko\u0142a prezentuj\u0105 swoje badania na presti\u017cowych konferencjach studenckich oraz zjazdach naukowych, takich jak coroczny zjazd Polskiego Towarzystwa Urologicznego.<\/p><ol start=\"3\"><li><b> Zdobywanie grant\u00f3w naukowych<\/b><\/li><\/ol><p>Aktywnie pozyskujemy granty z uczelni oraz innych instytucji, kt\u00f3re umo\u017cliwiaj\u0105 nam realizacj\u0119 zaawansowanych projekt\u00f3w badawczych i rozw\u00f3j w dziedzinie urologii.<\/p><ol start=\"4\"><li><b> Spotkania edukacyjne<\/b><\/li><\/ol><p>Organizujemy regularne spotkania z ekspertami, podczas kt\u00f3rych dziel\u0105 si\u0119 oni swoj\u0105 wiedz\u0105 i do\u015bwiadczeniem. To doskona\u0142a okazja do nauki oraz nawi\u0105zywania warto\u015bciowych kontakt\u00f3w zawodowych w \u015brodowisku medycznym.<\/p><p>\u00a0<\/p><p><span style=\"color: #af9369;\"><b>Nasze publikacje<\/b><\/span><\/p><p><b>Cz\u0142onkowie SKN Urologii maj\u0105 na swoim koncie liczne publikacje w uznanych czasopismach naukowych. Oto najnowsze z nich:<\/b><\/p><ul><li aria-level=\"1\"><em>Garbas K, Zapa\u0142a \u0141, \u015alusarczyk A, et al. Prediction of detrusor underactivity vs. bladder outlet obstruction using pre-urodynamic nomogram in male patients with LUTS. Int Urol Nephrol. 2024.<\/em><\/li><\/ul><ul><li aria-level=\"1\"><em>\u015alusarczyk A, Garbas K, Pustu\u0142a P, et al. Assessing the predictive accuracy of EORTC, CUETO, and EAU risk stratification models for bladder cancer recurrence. Cancers (Basel). 2024.<\/em><\/li><\/ul><ul><li aria-level=\"1\"><em>Hanusz K, Doma\u0144ski P, Strojec K, et al. Prostate cancer in transplant receivers: a narrative review. Biomedicines. 2023.<\/em><\/li><\/ul><p>\u00a0<\/p><p><span style=\"color: #af9369;\"><b>Nagrody i wyr\u00f3\u017cnienia<\/b><\/span><\/p><p><b>Nasze projekty i badania zdobywaj\u0105 uznanie na mi\u0119dzynarodowych konferencjach medycznych. Oto wybrane nagrody:<\/b><\/p><ul><li aria-level=\"1\"><em>1. miejsce w Urology Case Report Session, 19th Warsaw International Medical Congress, Warszawa 2024.<br \/>Sacral Neuromodulation in a Patient with Multiple Sclerosis &#8211; Case Report<\/em><\/li><\/ul><ul><li aria-level=\"1\"><em>1. miejsce w Oncology Session, 17th WIMC, Warszawa 2022.<br \/>Blood count-derived inflammatory markers as predictors of survival in localized renal cell carcinoma<\/em><\/li><\/ul><p>\u00a0<\/p><p><span style=\"color: #af9369;\"><b>Jak do nas do\u0142\u0105czy\u0107?<\/b><\/span><\/p><p><b>Je\u015bli jeste\u015b studentem medycyny i pasjonuje Ci\u0119 urologia, zapraszamy do naszego Ko\u0142a! Regularnie organizujemy warsztaty, spotkania i prezentacje, kt\u00f3re pozwalaj\u0105 na rozw\u00f3j naukowy i zdobywanie cennego do\u015bwiadczenia. Rekrutacja do zespo\u0142u badawczego Kliniki odbywa si\u0119 cyklicznie i wymaga zaanga\u017cowania oraz gotowo\u015bci do podj\u0119cia wymagaj\u0105cej, ale satysfakcjonuj\u0105cej \u015bcie\u017cki naukowej.<\/b><\/p><p><b>\u00a0<\/b><\/p><p><span style=\"color: #af9369;\"><b>Skontaktuj si\u0119 z nami<\/b><\/span><\/p><p><b>Wi\u0119cej informacji znajdziesz na naszej stronie Facebook: <\/b><a href=\"https:\/\/www.facebook.com\/sknurologiiwum\/\"><b>SKN Urologii WUM<\/b><\/a><b>.<\/b><b><br \/><\/b><b>Grupa komunikacyjna: <\/b><a href=\"https:\/\/www.facebook.com\/groups\/1768066433446678\"><b>Grupa dla cz\u0142onk\u00f3w Ko\u0142a<\/b><b><br \/><\/b><\/a><b>Przewodnicz\u0105ca SKN: Hanna Piekarczyk<\/b><\/p><p><b>Zapraszamy!<\/b><\/p>\t\t\t\t\t\t\t\t<\/div>\n\t\t\t\t<\/div>\n\t\t\t\t<\/div>\n\t\t\t\t<\/div>\n\t\t\t\t<\/div>\n\t\t\t\t\t<\/div>\n\t\t\t\t<\/div>\n\t\t\t\t<\/div>\n\t\t","protected":false},"excerpt":{"rendered":"<p>English Division Studenckie Ko\u0142o Naukowe Urologii &#8211; O nas Jeste\u015bmy grup\u0105 student\u00f3w z pasj\u0105 do urologii, kt\u00f3r\u0105 rozwijamy na wielu p\u0142aszczyznach. Nasze Ko\u0142o Naukowe to dynamiczna spo\u0142eczno\u015b\u0107, kt\u00f3ra stale poszerza swoj\u0105 wiedz\u0119 oraz praktyczne i badawcze umiej\u0119tno\u015bci. Poprzez nasze dzia\u0142ania, budujemy solidne podstawy do dalszego rozwoju naukowego i zawodowego w tej fascynuj\u0105cej dziedzinie medycyny. \u00a0 [&hellip;]<\/p>\n","protected":false},"author":1,"featured_media":0,"parent":0,"menu_order":0,"comment_status":"closed","ping_status":"closed","template":"elementor_header_footer","meta":{"footnotes":""},"class_list":["post-414","page","type-page","status-publish","hentry"],"_links":{"self":[{"href":"https:\/\/klinikaurologii.wum.edu.pl\/index.php\/wp-json\/wp\/v2\/pages\/414","targetHints":{"allow":["GET"]}}],"collection":[{"href":"https:\/\/klinikaurologii.wum.edu.pl\/index.php\/wp-json\/wp\/v2\/pages"}],"about":[{"href":"https:\/\/klinikaurologii.wum.edu.pl\/index.php\/wp-json\/wp\/v2\/types\/page"}],"author":[{"embeddable":true,"href":"https:\/\/klinikaurologii.wum.edu.pl\/index.php\/wp-json\/wp\/v2\/users\/1"}],"replies":[{"embeddable":true,"href":"https:\/\/klinikaurologii.wum.edu.pl\/index.php\/wp-json\/wp\/v2\/comments?post=414"}],"version-history":[{"count":31,"href":"https:\/\/klinikaurologii.wum.edu.pl\/index.php\/wp-json\/wp\/v2\/pages\/414\/revisions"}],"predecessor-version":[{"id":944,"href":"https:\/\/klinikaurologii.wum.edu.pl\/index.php\/wp-json\/wp\/v2\/pages\/414\/revisions\/944"}],"wp:attachment":[{"href":"https:\/\/klinikaurologii.wum.edu.pl\/index.php\/wp-json\/wp\/v2\/media?parent=414"}],"curies":[{"name":"wp","href":"https:\/\/api.w.org\/{rel}","templated":true}]}}