{"id":397,"date":"2024-09-18T09:57:04","date_gmt":"2024-09-18T09:57:04","guid":{"rendered":"http:\/\/klinikaurologii.wum.edu.pl\/?page_id=397"},"modified":"2024-10-29T10:30:13","modified_gmt":"2024-10-29T10:30:13","slug":"studia-w-jezyku-polskim","status":"publish","type":"page","link":"https:\/\/klinikaurologii.wum.edu.pl\/index.php\/studia-w-jezyku-polskim\/","title":{"rendered":"Studia w je\u0328zyku polskim"},"content":{"rendered":"\t\t<div data-elementor-type=\"wp-page\" data-elementor-id=\"397\" class=\"elementor elementor-397\" data-elementor-post-type=\"page\">\n\t\t\t\t<div class=\"elementor-element elementor-element-8e3aa91 e-flex e-con-boxed e-con e-parent\" data-id=\"8e3aa91\" data-element_type=\"container\" data-e-type=\"container\" data-settings=\"{&quot;background_background&quot;:&quot;classic&quot;}\">\n\t\t\t\t\t<div class=\"e-con-inner\">\n\t\t<div class=\"elementor-element elementor-element-8988b7d e-con-full e-flex e-con e-child\" data-id=\"8988b7d\" data-element_type=\"container\" data-e-type=\"container\">\n\t\t\t\t<div class=\"elementor-element elementor-element-094e779 elementor-align-center elementor-widget elementor-widget-button\" data-id=\"094e779\" data-element_type=\"widget\" data-e-type=\"widget\" data-widget_type=\"button.default\">\n\t\t\t\t<div class=\"elementor-widget-container\">\n\t\t\t\t\t\t\t\t\t<div class=\"elementor-button-wrapper\">\n\t\t\t\t\t<a class=\"elementor-button elementor-size-sm\" role=\"button\">\n\t\t\t\t\t\t<span class=\"elementor-button-content-wrapper\">\n\t\t\t\t\t\t\t\t\t<span class=\"elementor-button-text\">Studia w je\u0328zyku polskim<\/span>\n\t\t\t\t\t<\/span>\n\t\t\t\t\t<\/a>\n\t\t\t\t<\/div>\n\t\t\t\t\t\t\t\t<\/div>\n\t\t\t\t<\/div>\n\t\t\t\t<\/div>\n\t\t\t\t\t<\/div>\n\t\t\t\t<\/div>\n\t\t<div class=\"elementor-element elementor-element-5b6a0d8 e-flex e-con-boxed e-con e-parent\" data-id=\"5b6a0d8\" data-element_type=\"container\" data-e-type=\"container\" data-settings=\"{&quot;background_background&quot;:&quot;classic&quot;}\">\n\t\t\t\t\t<div class=\"e-con-inner\">\n\t\t<div class=\"elementor-element elementor-element-3f03619 e-con-full e-flex e-con e-child\" data-id=\"3f03619\" data-element_type=\"container\" data-e-type=\"container\">\n\t\t<div class=\"elementor-element elementor-element-b61d867 e-con-full e-flex e-con e-child\" data-id=\"b61d867\" data-element_type=\"container\" data-e-type=\"container\" id=\"klinika\">\n\t\t<div class=\"elementor-element elementor-element-e631cfb e-con-full e-flex e-con e-child\" data-id=\"e631cfb\" data-element_type=\"container\" data-e-type=\"container\" id=\"klinika\">\n\t\t\t\t<div class=\"elementor-element elementor-element-40172b8 elementor-widget elementor-widget-text-editor\" data-id=\"40172b8\" data-element_type=\"widget\" data-e-type=\"widget\" data-widget_type=\"text-editor.default\">\n\t\t\t\t<div class=\"elementor-widget-container\">\n\t\t\t\t\t\t\t\t\t<p><b style=\"color: rgb(193, 162, 116); font-size: inherit; text-align: inherit; letter-spacing: -0.015em;\">Zaj\u0119cia z urologii dla Student\u00f3w WUM<\/b><br><\/p>\n<p><span style=\"font-weight: 400;\">Serdecznie zapraszamy wszystkich student\u00f3w na zaj\u0119cia z urologii! To unikalna okazja, aby zg\u0142\u0119bi\u0107 wiedz\u0119 teoretyczn\u0105 i zdoby\u0107 praktyczne umiej\u0119tno\u015bci w jednej z najwa\u017cniejszych dziedzin medycyny.<\/span><\/p>\n<p><\/p>\n<p><span style=\"color: #c1a274;\"><b>Wyk\u0142ady<\/b><\/span><\/p>\n<p><span style=\"font-weight: 400;\">Wyk\u0142ady odb\u0119d\u0105 si\u0119 <\/span><b>stacjonarnie<\/b><span style=\"font-weight: 400;\"> w auli B, Centrum Dydaktyczne, w godzinach 17:30\u201319:00, w nast\u0119puj\u0105cych terminach (wtorki):<\/span><span style=\"font-weight: 400;\"><br><\/span><b>12, 19, 26 listopada oraz 3 i 10 grudnia 2025<\/b><\/p>\n<p><span style=\"font-weight: 400;\">Ka\u017cdy wyk\u0142ad to niepowtarzalna okazja, by pozna\u0107 kluczowe zagadnienia z zakresu urologii od do\u015bwiadczonych ekspert\u00f3w. Oto, co przygotowali\u015bmy:<\/span><\/p>\n<ul>\n<li style=\"font-weight: 400;\" aria-level=\"1\"><b>Wprowadzenie do urologii, w tym instrumentarium urologiczne<\/b><span style=\"font-weight: 400;\"><br><\/span><span style=\"font-weight: 400;\">Wyk\u0142adowca: Dr n. med. Tomasz Piecha<\/span><\/li>\n<li style=\"font-weight: 400;\" aria-level=\"1\"><b>Kamica moczowa<\/b><span style=\"font-weight: 400;\"><br><\/span><span style=\"font-weight: 400;\">Wyk\u0142adowca: Dr n. med. Tomasz Piecha<\/span><\/li>\n<li style=\"font-weight: 400;\" aria-level=\"1\"><b>Urologia czynno\u015bciowa<\/b><span style=\"font-weight: 400;\"><br><\/span><span style=\"font-weight: 400;\">Wyk\u0142adowca: Prof. dr hab. n. med. Piotr Radziszewski<\/span><\/li>\n<li style=\"font-weight: 400;\" aria-level=\"1\"><b>Rak p\u0119cherza moczowego<\/b><span style=\"font-weight: 400;\"><br><\/span><span style=\"font-weight: 400;\">Wyk\u0142adowca: Prof. dr hab. n. med. Piotr Radziszewski<\/span><\/li>\n<li style=\"font-weight: 400;\" aria-level=\"1\"><b>Rak gruczo\u0142u krokowego \u2013 diagnostyka i leczenie<\/b><span style=\"font-weight: 400;\"><br><\/span><span style=\"font-weight: 400;\">Wyk\u0142adowca: Dr hab. n. med. Tomasz Borkowski<\/span><\/li>\n<li style=\"font-weight: 400;\" aria-level=\"1\"><b>Stany nag\u0142e w urologii<\/b><span style=\"font-weight: 400;\"><br><\/span><span style=\"font-weight: 400;\">Wyk\u0142adowca: Dr n. med. Waldemar Szab\u0142o\u0144ski<\/span><\/li>\n<li style=\"font-weight: 400;\" aria-level=\"1\"><b>Wady wrodzone uk\u0142adu moczowego<\/b><span style=\"font-weight: 400;\"><br><\/span><span style=\"font-weight: 400;\">Wyk\u0142adowca: Dr hab. n. med. \u0141ukasz Zapa\u0142a<\/span><\/li>\n<li style=\"font-weight: 400;\" aria-level=\"1\"><b>Rak nerki<\/b><span style=\"font-weight: 400;\"><br><\/span><span style=\"font-weight: 400;\">Wyk\u0142adowca: Dr hab. n. med. \u0141ukasz Zapa\u0142a<\/span><\/li>\n<li style=\"font-weight: 400;\" aria-level=\"1\"><b>Rak j\u0105dra<\/b><span style=\"font-weight: 400;\"><br><\/span><span style=\"font-weight: 400;\">Wyk\u0142adowca: Dr n. med. Piotr Zapa\u0142a<\/span><\/li>\n<li style=\"font-weight: 400;\" aria-level=\"1\"><b>Urazy uk\u0142adu moczowego<\/b><span style=\"font-weight: 400;\"><br><\/span><span style=\"font-weight: 400;\">Wyk\u0142adowca: Dr n. med. Aleksander \u015alusarczyk<\/span><\/li>\n<\/ul>\n<p><b>Nie przegap tej wyj\u0105tkowej okazji do zdobycia wiedzy z pierwszej r\u0119ki!<\/b><\/p>\n<p><\/p>\n<p><span style=\"color: #c1a274;\"><b>Seminaria (dost\u0119pne na platformie e-learningowej)<\/b><\/span><\/p>\n<p><span style=\"font-weight: 400;\">Opr\u00f3cz wyk\u0142ad\u00f3w, na platformie e-learningowej znajdziesz dodatkowe <\/span><b>seminaria w formie podcast\u00f3w<\/b><span style=\"font-weight: 400;\">. Wykorzystaj t\u0119 okazj\u0119, by pog\u0142\u0119bi\u0107 swoj\u0105 wiedz\u0119 w dogodnym dla Ciebie czasie:<\/span><\/p>\n<ul>\n<li style=\"font-weight: 400;\" aria-level=\"1\"><b>Przypadki urologiczne<\/b><span style=\"font-weight: 400;\"><br><\/span><span style=\"font-weight: 400;\">Wyk\u0142adowca: Dr hab. n. med. \u0141ukasz Zapa\u0142a<\/span><\/li>\n<li style=\"font-weight: 400;\" aria-level=\"1\"><b>Zaka\u017cenia uk\u0142adu moczowego<\/b><span style=\"font-weight: 400;\"><br><\/span><span style=\"font-weight: 400;\">Wyk\u0142adowca: Dr n. med. Tomasz Piecha<\/span><\/li>\n<li style=\"font-weight: 400;\" aria-level=\"1\"><b>Zw\u0119\u017cenie cewki moczowej<\/b><span style=\"font-weight: 400;\"><br><\/span><span style=\"font-weight: 400;\">Wyk\u0142adowca: Dr n. med. Adam Dorobek<\/span><\/li>\n<li style=\"font-weight: 400;\" aria-level=\"1\"><b>Leczenie zaburze\u0144 wzwodu<\/b><span style=\"font-weight: 400;\"><br><\/span><span style=\"font-weight: 400;\">Wyk\u0142adowca: Dr n. med. Piotr Zapa\u0142a<\/span><\/li>\n<li style=\"font-weight: 400;\" aria-level=\"1\"><b>BCG-terapia w raku p\u0119cherza moczowego<\/b><span style=\"font-weight: 400;\"><br><\/span><span style=\"font-weight: 400;\">Wyk\u0142adowca: Prof. dr hab. n. med. Piotr Radziszewski<\/span><\/li>\n<\/ul>\n<p><span style=\"color: #c1a274;\"><b>Materia\u0142y dodatkowe:<\/b><\/span><\/p>\n<ul>\n<li style=\"font-weight: 400;\" aria-level=\"1\"><b>Kobiece LUTS<\/b><span style=\"font-weight: 400;\"><br><\/span><span style=\"font-weight: 400;\">Wyk\u0142adowca: Prof. dr hab. n. med. Piotr Radziszewski<\/span><\/li>\n<li style=\"font-weight: 400;\" aria-level=\"1\"><b>P\u0119cherz neurogenny<\/b><span style=\"font-weight: 400;\"><br><\/span><span style=\"font-weight: 400;\">Wyk\u0142adowca: Prof. dr hab. n. med. Piotr Radziszewski<\/span><\/li>\n<li style=\"font-weight: 400;\" aria-level=\"1\"><b>Leczenie zespo\u0142u bolesnego p\u0119cherza moczowego (BPS)<\/b><span style=\"font-weight: 400;\"><br><\/span><span style=\"font-weight: 400;\">Wyk\u0142adowca: Prof. dr hab. n. med. Piotr Radziszewski<\/span><\/li>\n<li style=\"font-weight: 400;\" aria-level=\"1\"><b>Hormonoterapia raka stercza<\/b><span style=\"font-weight: 400;\"><br><\/span><span style=\"font-weight: 400;\">Wyk\u0142adowca: Dr hab. n. med. Tomasz Borkowski<\/span><\/li>\n<\/ul>\n<p><span style=\"color: #c1a274;\"><b>\u0106wiczenia kliniczne<\/b><\/span><\/p>\n<p><span style=\"font-weight: 400;\">\u0106wiczenia kliniczne to intensywny tydzie\u0144 praktyki, kt\u00f3ry pozwoli Ci zdoby\u0107 cenne umiej\u0119tno\u015bci w realnym \u015brodowisku medycznym. Zaj\u0119cia odbywaj\u0105 si\u0119 codziennie w godzinach <\/span><b>9:00\u201311:00<\/b><span style=\"font-weight: 400;\"> na Oddziale Kliniki Urologii.<\/span><\/p>\n<p><\/p>\n<p><span style=\"color: #c1a274;\"><b>Gdzie odbywaj\u0105 si\u0119 \u0107wiczenia?<\/b><\/span><\/p>\n<ul>\n<li style=\"font-weight: 400;\" aria-level=\"1\"><span style=\"font-weight: 400;\">Oddzia\u0142 przy \u0142\u00f3\u017cku chorego<\/span><\/li>\n<li style=\"font-weight: 400;\" aria-level=\"1\"><span style=\"font-weight: 400;\">Ambulatorium Kliniki<\/span><\/li>\n<li style=\"font-weight: 400;\" aria-level=\"1\"><span style=\"font-weight: 400;\">Pracownia Urodynamiczna<\/span><\/li>\n<li style=\"font-weight: 400;\" aria-level=\"1\"><span style=\"font-weight: 400;\">Gabinet Cystoskopowy<\/span><\/li>\n<li style=\"font-weight: 400;\" aria-level=\"1\"><span style=\"font-weight: 400;\">Bloki operacyjne (Szpital Dzieci\u0105tka Jezus, ul. Lindleya 4, Pawilon nr 7)<\/span><\/li>\n<\/ul>\n<p><b>Tematyka \u0107wicze\u0144:<\/b><\/p>\n<ul>\n<li style=\"font-weight: 400;\" aria-level=\"1\"><span style=\"font-weight: 400;\">Zasady prawid\u0142owego cewnikowania<\/span><\/li>\n<li style=\"font-weight: 400;\" aria-level=\"1\"><span style=\"font-weight: 400;\">Badanie per rectum<\/span><\/li>\n<\/ul>\n<p><span style=\"font-weight: 400;\">Prosz\u0119 pami\u0119ta\u0107 o zabraniu <\/span><b>ksi\u0105\u017ceczek zaj\u0119\u0107 praktycznych<\/b><span style=\"font-weight: 400;\">. \u0106wiczenia ko\u0144cz\u0105 si\u0119 <\/span><b>kolokwium ustnym<\/b><span style=\"font-weight: 400;\"> u Asystenta. W przypadku niezaliczenia istnieje mo\u017cliwo\u015b\u0107 ustalenia dodatkowego terminu po uzgodnieniu z Kierownikiem Kliniki.<\/span><\/p>\n<p><\/p>\n<p><span style=\"color: #c1a274;\"><b>Warunki dopuszczenia do egzaminu<\/b><\/span><\/p>\n<p><span style=\"font-weight: 400;\">Aby by\u0107 dopuszczonym do egzaminu ko\u0144cowego, student musi:<\/span><\/p>\n<ul>\n<li style=\"font-weight: 400;\" aria-level=\"1\"><span style=\"font-weight: 400;\">Regularnie uczestniczy\u0107 w codziennych zaj\u0119ciach klinicznych.<\/span><\/li>\n<li style=\"font-weight: 400;\" aria-level=\"1\"><span style=\"font-weight: 400;\">Zapozna\u0107 si\u0119 z materia\u0142ami seminaryjnymi na platformie e-learningowej.<\/span><\/li>\n<li style=\"font-weight: 400;\" aria-level=\"1\"><span style=\"font-weight: 400;\">Zaliczy\u0107 kolokwium ustne.<\/span><\/li>\n<li style=\"font-weight: 400;\" aria-level=\"1\"><span style=\"font-weight: 400;\">Potwierdzi\u0107 zaliczenie w ksi\u0105\u017ceczce zaj\u0119\u0107 praktycznych.<\/span><\/li>\n<\/ul>\n<p><b>Nieobecno\u015bci?<\/b><span style=\"font-weight: 400;\"> Mo\u017cna odrobi\u0107 z inn\u0105 grup\u0105 studenck\u0105, po wcze\u015bniejszym uzgodnieniu.<\/span><\/p>\n<p><\/p>\n<p><span style=\"color: #c1a274;\"><b>Literatura obowi\u0105zkowa<\/b><\/span><\/p>\n<ol>\n<li style=\"font-weight: 400;\" aria-level=\"1\"><span style=\"font-weight: 400;\">\u201eUrologia \u2013 podr\u0119cznik dla student\u00f3w\u201d, red. A. Borkowski, PZWL 2006<\/span><\/li>\n<li style=\"font-weight: 400;\" aria-level=\"1\"><span style=\"font-weight: 400;\">\u201eUrologia \u2013 Ilustrowany podr\u0119cznik dla student\u00f3w i sta\u017cyst\u00f3w\u201d, red. K. Juszczak, T. Drewa, PZWL 2023<\/span><\/li>\n<li style=\"font-weight: 400;\" aria-level=\"1\"><span style=\"font-weight: 400;\">Materia\u0142y dost\u0119pne na platformie e-learningowej<\/span><\/li>\n<\/ol>\n<p><span style=\"color: #c1a274;\"><b>Literatura uzupe\u0142niaj\u0105ca:<\/b><\/span><\/p>\n<ul>\n<li style=\"font-weight: 400;\" aria-level=\"1\"><span style=\"font-weight: 400;\">\u201eCampbell-Walsh Urology\u201d, Twelfth edition<\/span><\/li>\n<li style=\"font-weight: 400;\" aria-level=\"1\"><span style=\"font-weight: 400;\">Europejskie wytyczne urologiczne 2023 \u2013 <\/span><a href=\"http:\/\/www.uroweb.org\/guidelines\"><span style=\"font-weight: 400;\">www.uroweb.org\/guidelines<\/span><\/a><\/li>\n<\/ul>\n<p><span style=\"color: #c1a274;\"><b>Dodatkowe \u017ar\u00f3d\u0142a:<\/b><\/span><\/p>\n<ul>\n<li style=\"font-weight: 400;\" aria-level=\"1\"><span style=\"font-weight: 400;\">Kwestionariusz IPSS (ocena nasilenia LUTS): <\/span><a href=\"https:\/\/eurologia.pl\/g\/330\"><span style=\"font-weight: 400;\">link<\/span><\/a><\/li>\n<li style=\"font-weight: 400;\" aria-level=\"1\"><span style=\"font-weight: 400;\">Kwestionariusz IIEF-5 (ocena nasilenia ED): <\/span><a href=\"http:\/\/kardioseksuologia.pl\/kwestionariusz-iief-5\/\"><span style=\"font-weight: 400;\">link<\/span><\/a><\/li>\n<li style=\"font-weight: 400;\" aria-level=\"1\"><span style=\"font-weight: 400;\">Kalkulator ryzyka raka p\u0119cherza moczowego: <\/span><a href=\"https:\/\/www.eortc.be\/tools\/bladdercalculator\/\"><span style=\"font-weight: 400;\">link<\/span><\/a><\/li>\n<li style=\"font-weight: 400;\" aria-level=\"1\"><span style=\"font-weight: 400;\">Przegl\u0105d Urologiczny \u2013 artyku\u0142y w j\u0119zyku polskim: <\/span><a href=\"http:\/\/przeglad-urologiczny.pl\/\"><span style=\"font-weight: 400;\">link<\/span><\/a><\/li>\n<li style=\"font-weight: 400;\" aria-level=\"1\"><span style=\"font-weight: 400;\">European Urology \u2013 oficjalne czasopismo Europejskiego Towarzystwa Urologicznego: <\/span><a href=\"https:\/\/www.europeanurology.com\/\"><span style=\"font-weight: 400;\">link<\/span><\/a><\/li>\n<li style=\"font-weight: 400;\" aria-level=\"1\"><span style=\"font-weight: 400;\">Baza film\u00f3w medycznych (dost\u0119pna po rejestracji): <\/span><a href=\"https:\/\/medtube.pl\/users\/register\"><span style=\"font-weight: 400;\">link<\/span><\/a><\/li>\n<\/ul>\n<p><span style=\"color: #c1a274;\"><b>Dodatkowe informacje<\/b><\/span><\/p>\n<ul>\n<li style=\"font-weight: 400;\" aria-level=\"1\"><b>Kierownik Kliniki Urologii<\/b><span style=\"font-weight: 400;\">, Prof. dr hab. n. med. Piotr Radziszewski, przyjmuje w sprawach dydaktyki po uzgodnieniu terminu, osobi\u015bcie lub telefonicznie w sekretariacie (22 502 17 02).<\/span><\/li>\n<li style=\"font-weight: 400;\" aria-level=\"1\"><b>Osoby odpowiedzialne za program dydaktyczny<\/b><span style=\"font-weight: 400;\">:<\/span>\n<ul>\n<li style=\"font-weight: 400;\" aria-level=\"2\"><span style=\"font-weight: 400;\">Dr hab. n. med. \u0141ukasz Zapa\u0142a<\/span><\/li>\n<li style=\"font-weight: 400;\" aria-level=\"2\"><span style=\"font-weight: 400;\">Dr n. med. Tomasz Piecha<\/span><\/li>\n<\/ul>\n<\/li>\n<\/ul>\n<p><span style=\"font-weight: 400;\">Kontakt z sekretariatem Kliniki Urologii:<\/span><span style=\"font-weight: 400;\"><br><\/span><span style=\"font-weight: 400;\">Tel.: <\/span><b>22 502 17 02<\/b><span style=\"font-weight: 400;\"><br><\/span><span style=\"font-weight: 400;\">E-mail: <\/span><span style=\"color: #000000;\"><a style=\"color: #000000;\" href=\"urologiasekretariat@wum.edu.pl\"><b>urologiasekretariat@wum.edu.pl<\/b><\/a><\/span><\/p>\n<p><\/p>\n<p><span style=\"color: #c1a274;\"><b>Skr\u00f3cony regulamin zaj\u0119\u0107<\/b><\/span><\/p>\n<ol>\n<li style=\"font-weight: 400;\" aria-level=\"1\"><b>Wyk\u0142ady<\/b><span style=\"font-weight: 400;\"> odbywaj\u0105 si\u0119 stacjonarnie zgodnie z harmonogramem.<\/span><\/li>\n<li style=\"font-weight: 400;\" aria-level=\"1\"><b>Seminaria<\/b><span style=\"font-weight: 400;\"> s\u0105 dost\u0119pne na platformie e-learningowej \u2013 zapoznanie si\u0119 z materia\u0142ami jest obowi\u0105zkowe.<\/span><\/li>\n<li style=\"font-weight: 400;\" aria-level=\"1\"><b>\u0106wiczenia kliniczne<\/b><span style=\"font-weight: 400;\"> odbywaj\u0105 si\u0119 codziennie w godzinach 9:00\u201311:00.<\/span><\/li>\n<li style=\"font-weight: 400;\" aria-level=\"1\"><b>Odrabianie zaj\u0119\u0107<\/b><span style=\"font-weight: 400;\"> mo\u017cliwe jest po wcze\u015bniejszym ustaleniu terminu z inn\u0105 grup\u0105.<\/span><\/li>\n<li style=\"font-weight: 400;\" aria-level=\"1\"><b>Zalecenia sanitarne<\/b><span style=\"font-weight: 400;\">:<\/span>\n<ul>\n<li style=\"font-weight: 400;\" aria-level=\"2\"><span style=\"font-weight: 400;\">Noszenie odzie\u017cy medycznej z kr\u00f3tkimi r\u0119kawami.<\/span><\/li>\n<li style=\"font-weight: 400;\" aria-level=\"2\"><span style=\"font-weight: 400;\">Brak bi\u017cuterii i zegark\u00f3w na d\u0142oniach.<\/span><\/li>\n<li style=\"font-weight: 400;\" aria-level=\"2\"><span style=\"font-weight: 400;\">Stosowanie zasady &#8222;nic poni\u017cej \u0142okcia&#8221; oraz &#8222;5 moment\u00f3w higieny r\u0105k&#8221;.<\/span><\/li>\n<li style=\"font-weight: 400;\" aria-level=\"2\"><span style=\"font-weight: 400;\">Fartuchy musz\u0105 by\u0107 zapi\u0119te.<\/span><\/li>\n<\/ul>\n<\/li>\n<\/ol>\n<p><b>Dbaj o higien\u0119 i przestrzegaj zalece\u0144 Zespo\u0142u Kontroli Zaka\u017ce\u0144 Szpitalnych!<\/b><\/p>\t\t\t\t\t\t\t\t<\/div>\n\t\t\t\t<\/div>\n\t\t\t\t<\/div>\n\t\t\t\t<\/div>\n\t\t\t\t<\/div>\n\t\t\t\t\t<\/div>\n\t\t\t\t<\/div>\n\t\t\t\t<\/div>\n\t\t","protected":false},"excerpt":{"rendered":"<p>Studia w je\u0328zyku polskim Zaj\u0119cia z urologii dla Student\u00f3w WUM Serdecznie zapraszamy wszystkich student\u00f3w na zaj\u0119cia z urologii! To unikalna okazja, aby zg\u0142\u0119bi\u0107 wiedz\u0119 teoretyczn\u0105 i zdoby\u0107 praktyczne umiej\u0119tno\u015bci w jednej z najwa\u017cniejszych dziedzin medycyny. Wyk\u0142ady Wyk\u0142ady odb\u0119d\u0105 si\u0119 stacjonarnie w auli B, Centrum Dydaktyczne, w godzinach 17:30\u201319:00, w nast\u0119puj\u0105cych terminach (wtorki):12, 19, 26 listopada [&hellip;]<\/p>\n","protected":false},"author":1,"featured_media":0,"parent":0,"menu_order":0,"comment_status":"closed","ping_status":"closed","template":"elementor_header_footer","meta":{"footnotes":""},"class_list":["post-397","page","type-page","status-publish","hentry"],"_links":{"self":[{"href":"https:\/\/klinikaurologii.wum.edu.pl\/index.php\/wp-json\/wp\/v2\/pages\/397","targetHints":{"allow":["GET"]}}],"collection":[{"href":"https:\/\/klinikaurologii.wum.edu.pl\/index.php\/wp-json\/wp\/v2\/pages"}],"about":[{"href":"https:\/\/klinikaurologii.wum.edu.pl\/index.php\/wp-json\/wp\/v2\/types\/page"}],"author":[{"embeddable":true,"href":"https:\/\/klinikaurologii.wum.edu.pl\/index.php\/wp-json\/wp\/v2\/users\/1"}],"replies":[{"embeddable":true,"href":"https:\/\/klinikaurologii.wum.edu.pl\/index.php\/wp-json\/wp\/v2\/comments?post=397"}],"version-history":[{"count":20,"href":"https:\/\/klinikaurologii.wum.edu.pl\/index.php\/wp-json\/wp\/v2\/pages\/397\/revisions"}],"predecessor-version":[{"id":1482,"href":"https:\/\/klinikaurologii.wum.edu.pl\/index.php\/wp-json\/wp\/v2\/pages\/397\/revisions\/1482"}],"wp:attachment":[{"href":"https:\/\/klinikaurologii.wum.edu.pl\/index.php\/wp-json\/wp\/v2\/media?parent=397"}],"curies":[{"name":"wp","href":"https:\/\/api.w.org\/{rel}","templated":true}]}}