{"id":346,"date":"2024-09-18T08:43:56","date_gmt":"2024-09-18T08:43:56","guid":{"rendered":"http:\/\/klinikaurologii.wum.edu.pl\/?page_id=346"},"modified":"2024-10-09T08:39:28","modified_gmt":"2024-10-09T08:39:28","slug":"historia-kliniki","status":"publish","type":"page","link":"https:\/\/klinikaurologii.wum.edu.pl\/index.php\/historia-kliniki\/","title":{"rendered":"O klinice"},"content":{"rendered":"\t\t<div data-elementor-type=\"wp-page\" data-elementor-id=\"346\" class=\"elementor elementor-346\" data-elementor-post-type=\"page\">\n\t\t\t\t<div class=\"elementor-element elementor-element-8e3aa91 e-con-full e-flex e-con e-parent\" data-id=\"8e3aa91\" data-element_type=\"container\" data-e-type=\"container\" data-settings=\"{&quot;background_background&quot;:&quot;classic&quot;}\">\n\t\t<div class=\"elementor-element elementor-element-8988b7d e-con-full e-flex e-con e-child\" data-id=\"8988b7d\" data-element_type=\"container\" data-e-type=\"container\">\n\t\t\t\t<div class=\"elementor-element elementor-element-094e779 elementor-align-center elementor-widget elementor-widget-button\" data-id=\"094e779\" data-element_type=\"widget\" data-e-type=\"widget\" data-widget_type=\"button.default\">\n\t\t\t\t<div class=\"elementor-widget-container\">\n\t\t\t\t\t\t\t\t\t<div class=\"elementor-button-wrapper\">\n\t\t\t\t\t<a class=\"elementor-button elementor-size-sm\" role=\"button\">\n\t\t\t\t\t\t<span class=\"elementor-button-content-wrapper\">\n\t\t\t\t\t\t\t\t\t<span class=\"elementor-button-text\">Historia kliniki<\/span>\n\t\t\t\t\t<\/span>\n\t\t\t\t\t<\/a>\n\t\t\t\t<\/div>\n\t\t\t\t\t\t\t\t<\/div>\n\t\t\t\t<\/div>\n\t\t\t\t<\/div>\n\t\t\t\t<\/div>\n\t\t<div class=\"elementor-element elementor-element-5b6a0d8 e-flex e-con-boxed e-con e-parent\" data-id=\"5b6a0d8\" data-element_type=\"container\" data-e-type=\"container\" data-settings=\"{&quot;background_background&quot;:&quot;classic&quot;}\">\n\t\t\t\t\t<div class=\"e-con-inner\">\n\t\t<div class=\"elementor-element elementor-element-3f03619 e-con-full e-flex e-con e-child\" data-id=\"3f03619\" data-element_type=\"container\" data-e-type=\"container\">\n\t\t<div class=\"elementor-element elementor-element-b61d867 e-con-full e-flex e-con e-child\" data-id=\"b61d867\" data-element_type=\"container\" data-e-type=\"container\" id=\"klinika\">\n\t\t<div class=\"elementor-element elementor-element-e631cfb e-con-full e-flex e-con e-child\" data-id=\"e631cfb\" data-element_type=\"container\" data-e-type=\"container\" id=\"klinika\">\n\t\t\t\t<div class=\"elementor-element elementor-element-40172b8 elementor-widget elementor-widget-text-editor\" data-id=\"40172b8\" data-element_type=\"widget\" data-e-type=\"widget\" data-widget_type=\"text-editor.default\">\n\t\t\t\t<div class=\"elementor-widget-container\">\n\t\t\t\t\t\t\t\t\t<p><strong>Historia kliniku urologii Warszawskiego Uniwersytetu Medycznego<\/strong><\/p><p>Uniwersytecka Klinika Urologii nale\u017cy do presti\u017cowego grona europejskich o\u015brodk\u00f3w urologicznych o wieloletniej historii i tradycji. Warszawskie \u015brodowisko urologiczne w okresie powojennym wyr\u00f3\u017cnia\u0142o si\u0119 wybitn\u0105 ch\u0119ci\u0105 nadania urologii w\u0142a\u015bciwej rangi w\u015br\u00f3d dyscyplin medycznych oraz ostatecznego wydzielenia tej dziedziny z chirurgii og\u00f3lnej. Dzi\u0119ki temu sto\u0142eczna Klinika jest jedn\u0105 z najstarszych w Polsce, za\u015b nieustanne zaanga\u017cowanie jej pracownik\u00f3w pozwala pozostawa\u0107 O\u015brodkowi w \u015bcis\u0142ej czo\u0142\u00f3wce polskich i europejskich Klinik urologicznych.<\/p>\t\t\t\t\t\t\t\t<\/div>\n\t\t\t\t<\/div>\n\t\t\t\t<\/div>\n\t\t<div class=\"elementor-element elementor-element-e97efb7 e-con-full e-flex e-con e-child\" data-id=\"e97efb7\" data-element_type=\"container\" data-e-type=\"container\">\n\t\t\t\t<div class=\"elementor-element elementor-element-337afe3 elementor-widget elementor-widget-image\" data-id=\"337afe3\" data-element_type=\"widget\" data-e-type=\"widget\" data-widget_type=\"image.default\">\n\t\t\t\t<div class=\"elementor-widget-container\">\n\t\t\t\t\t\t\t\t\t\t\t\t\t\t\t<img fetchpriority=\"high\" decoding=\"async\" width=\"498\" height=\"498\" src=\"https:\/\/klinikaurologii.wum.edu.pl\/wp-content\/uploads\/2024\/09\/klinika-02.png\" class=\"attachment-large size-large wp-image-112\" alt=\"\" srcset=\"https:\/\/klinikaurologii.wum.edu.pl\/wp-content\/uploads\/2024\/09\/klinika-02.png 498w, https:\/\/klinikaurologii.wum.edu.pl\/wp-content\/uploads\/2024\/09\/klinika-02-300x300.png 300w, https:\/\/klinikaurologii.wum.edu.pl\/wp-content\/uploads\/2024\/09\/klinika-02-150x150.png 150w\" sizes=\"(max-width: 498px) 100vw, 498px\" \/>\t\t\t\t\t\t\t\t\t\t\t\t\t\t\t<\/div>\n\t\t\t\t<\/div>\n\t\t\t\t<\/div>\n\t\t\t\t<\/div>\n\t\t<div class=\"elementor-element elementor-element-ef88723 e-con-full e-flex e-con e-child\" data-id=\"ef88723\" data-element_type=\"container\" data-e-type=\"container\" id=\"szpital\">\n\t\t<div class=\"elementor-element elementor-element-ea784f1 e-con-full e-flex e-con e-child\" data-id=\"ea784f1\" data-element_type=\"container\" data-e-type=\"container\">\n\t\t\t\t<div class=\"elementor-element elementor-element-9ee4901 elementor-widget elementor-widget-image\" data-id=\"9ee4901\" data-element_type=\"widget\" data-e-type=\"widget\" data-widget_type=\"image.default\">\n\t\t\t\t<div class=\"elementor-widget-container\">\n\t\t\t\t\t\t\t\t\t\t\t\t\t\t\t<img decoding=\"async\" width=\"498\" height=\"498\" src=\"https:\/\/klinikaurologii.wum.edu.pl\/wp-content\/uploads\/2024\/09\/klinika-01.png\" class=\"attachment-large size-large wp-image-111\" alt=\"\" srcset=\"https:\/\/klinikaurologii.wum.edu.pl\/wp-content\/uploads\/2024\/09\/klinika-01.png 498w, https:\/\/klinikaurologii.wum.edu.pl\/wp-content\/uploads\/2024\/09\/klinika-01-300x300.png 300w, https:\/\/klinikaurologii.wum.edu.pl\/wp-content\/uploads\/2024\/09\/klinika-01-150x150.png 150w\" sizes=\"(max-width: 498px) 100vw, 498px\" \/>\t\t\t\t\t\t\t\t\t\t\t\t\t\t\t<\/div>\n\t\t\t\t<\/div>\n\t\t\t\t<\/div>\n\t\t<div class=\"elementor-element elementor-element-17e6c0f e-con-full e-flex e-con e-child\" data-id=\"17e6c0f\" data-element_type=\"container\" data-e-type=\"container\">\n\t\t\t\t<div class=\"elementor-element elementor-element-2a0eafd elementor-widget elementor-widget-text-editor\" data-id=\"2a0eafd\" data-element_type=\"widget\" data-e-type=\"widget\" data-widget_type=\"text-editor.default\">\n\t\t\t\t<div class=\"elementor-widget-container\">\n\t\t\t\t\t\t\t\t\t<p>Klinika Urologii Warszawskiego Uniwersytetu Medycznego mie\u015bci si\u0119 w Szpitalu Klinicznym Dzieci\u0105tka Jezus. Jest to jedna z najstarszych, funkcjonuj\u0105cych wci\u0105\u017c plac\u00f3wek szpitalnych. Szpital powsta\u0142 z inicjatywy misjonarza Piotra Gabriela Baudouina w 1732 roku. Pocz\u0105tkowo zajmowa\u0142 pomieszczenia przy ulicy Krakowskie Przedmie\u015bcie, funkcjonuj\u0105c pod nazw\u0105 \u201eDom Podrzutk\u00f3w\u201d. Po kilkunastu latachszpital przeniesiono do budynku przy obecnym placu Powsta\u0144c\u00f3w Warszawy (w\u00f3wczas plac Warecki) i zmieniono \u2013 na mocy dekretu kr\u00f3la Augusta III \u2013 nazw\u0119 szpitala na \u201eSzpital Generalny Dzieci\u0105tka Jezus\u201d w 1758 roku. W obliczu szybkiego rozwoju Warszawy, pod koniec XIX wieku rozpocz\u0119to budow\u0119 nowej siedziby szpitala przy ulicy Lindleya, kt\u00f3ra zacz\u0119\u0142a funkcjonowa\u0107 w 1901 roku i nieustannie funkcjonuje w tym miejscu do dzi\u015b.<\/p>\t\t\t\t\t\t\t\t<\/div>\n\t\t\t\t<\/div>\n\t\t\t\t<\/div>\n\t\t\t\t<\/div>\n\t\t\t\t<\/div>\n\t\t\t\t\t<\/div>\n\t\t\t\t<\/div>\n\t\t<div class=\"elementor-element elementor-element-75ffc21 e-flex e-con-boxed e-con e-parent\" data-id=\"75ffc21\" data-element_type=\"container\" data-e-type=\"container\" data-settings=\"{&quot;background_background&quot;:&quot;classic&quot;}\">\n\t\t\t\t\t<div class=\"e-con-inner\">\n\t\t<div class=\"elementor-element elementor-element-e230abd e-con-full e-flex e-con e-child\" data-id=\"e230abd\" data-element_type=\"container\" data-e-type=\"container\">\n\t\t<div class=\"elementor-element elementor-element-3fe7cb5 e-con-full e-flex e-con e-child\" data-id=\"3fe7cb5\" data-element_type=\"container\" data-e-type=\"container\">\n\t\t<div class=\"elementor-element elementor-element-0aea13a e-con-full e-flex e-con e-child\" data-id=\"0aea13a\" data-element_type=\"container\" data-e-type=\"container\">\n\t\t\t\t<div class=\"elementor-element elementor-element-6eb698b elementor-widget elementor-widget-text-editor\" data-id=\"6eb698b\" data-element_type=\"widget\" data-e-type=\"widget\" data-widget_type=\"text-editor.default\">\n\t\t\t\t<div class=\"elementor-widget-container\">\n\t\t\t\t\t\t\t\t\tSzpital Kliniczny Dzieci\u0105tka Jezus by\u0142 jednym z pierwszych polskich szpitali, w kt\u00f3rych leczono pacjent\u00f3w z chorobami uk\u0142adu moczowego i m\u0119skiego uk\u0142adu rozrodczego. Pocz\u0105tkowo, gdy urologia nie by\u0142a jeszcze oddzieln\u0105 specjalno\u015bci\u0105 lekarsk\u0105, ow\u0105 dzia\u0142alno\u015bci\u0105 parali si\u0119 chirurdzy. Idea powo\u0142ania uniwersyteckiej kliniki urologicznej w Warszawie powsta\u0142a bezpo\u015brednio po II Wojnie \u015awiatowej, za\u015b pierwsze dzia\u0142ania organizatorskie datuje si\u0119 na rok 1947. Przedsi\u0119wzi\u0119cie by\u0142o o tyle trudne, i\u017c w owym czasie nie by\u0142o w Szpitalu wydzielonych pomieszcze\u0144, kt\u00f3re mia\u0142yby stanowi\u0107 siedzib\u0119 kliniki, za\u015b jedyny polski profesor urologii, mog\u0105cy obj\u0105\u0107 funkcj\u0119 kierownika kliniki, zamieszkiwa\u0142 w Krakowie. Mimo to, na mocy dekretu prezydenta Boles\u0142awa Bieruta, prof. Stanis\u0142aw Laskownicki zosta\u0142 mianowany profesorem nadzwyczajnym Kliniki Urologii Wydzia\u0142u Lekarskiego Uniwersytetu Warszawskiego w 1948 roku i zosta\u0142o mu powierzone trudne zadanie organizacji Kliniki. Do pierwotnego zespo\u0142u Kliniki nale\u017celi ponadto adiunkt dr n. med. Stefan Weso\u0142owski oraz asystent dr n. med. Jan Falkowski. Wobec znacznych trudno\u015bci organizacyjnych prof. Laskownicki zrezygnowa\u0142 z kierowania sto\u0142eczn\u0105 Katedr\u0105 Urologiczn\u0105 po dw\u00f3ch latach.\n\t\t\t\t\t\t\t\t<\/div>\n\t\t\t\t<\/div>\n\t\t\t\t<\/div>\n\t\t<div class=\"elementor-element elementor-element-dfa5391 e-con-full e-flex e-con e-child\" data-id=\"dfa5391\" data-element_type=\"container\" data-e-type=\"container\">\n\t\t\t\t<div class=\"elementor-element elementor-element-7a07c39 elementor-widget elementor-widget-image\" data-id=\"7a07c39\" data-element_type=\"widget\" data-e-type=\"widget\" data-widget_type=\"image.default\">\n\t\t\t\t<div class=\"elementor-widget-container\">\n\t\t\t\t\t\t\t\t\t\t\t\t\t\t\t<img decoding=\"async\" width=\"498\" height=\"498\" src=\"https:\/\/klinikaurologii.wum.edu.pl\/wp-content\/uploads\/2024\/10\/klinika-03b.png\" class=\"attachment-large size-large wp-image-914\" alt=\"\" srcset=\"https:\/\/klinikaurologii.wum.edu.pl\/wp-content\/uploads\/2024\/10\/klinika-03b.png 498w, https:\/\/klinikaurologii.wum.edu.pl\/wp-content\/uploads\/2024\/10\/klinika-03b-300x300.png 300w, https:\/\/klinikaurologii.wum.edu.pl\/wp-content\/uploads\/2024\/10\/klinika-03b-150x150.png 150w\" sizes=\"(max-width: 498px) 100vw, 498px\" \/>\t\t\t\t\t\t\t\t\t\t\t\t\t\t\t<\/div>\n\t\t\t\t<\/div>\n\t\t\t\t<\/div>\n\t\t\t\t<\/div>\n\t\t<div class=\"elementor-element elementor-element-fb1298b e-con-full e-flex e-con e-child\" data-id=\"fb1298b\" data-element_type=\"container\" data-e-type=\"container\">\n\t\t<div class=\"elementor-element elementor-element-79e0a6d e-con-full e-flex e-con e-child\" data-id=\"79e0a6d\" data-element_type=\"container\" data-e-type=\"container\">\n\t\t\t\t<div class=\"elementor-element elementor-element-b31be98 elementor-widget elementor-widget-text-editor\" data-id=\"b31be98\" data-element_type=\"widget\" data-e-type=\"widget\" data-widget_type=\"text-editor.default\">\n\t\t\t\t<div class=\"elementor-widget-container\">\n\t\t\t\t\t\t\t\t\t<p>Klinika Urologii rozpocz\u0119\u0142a realn\u0105 dzia\u0142alno\u015b\u0107 kliniczn\u0105 1 stycznia 1951 roku. Kierownikiem Kliniki zosta\u0142 mianowany prof. Zygmunt Traczyk, kt\u00f3ry zapewni\u0142 sale chorych i sale operacyjne na bazie zasob\u00f3w III Kliniki Chirurgicznej, mieszcz\u0105cej si\u0119 w\u00f3wczas w pawilonie VI szpitala. Pocz\u0105tkowo Klinika obejmowa\u0142a 45 \u0142\u00f3\u017cek rozmieszczonych w 4 salach chorych, sal\u0119 operacyjn\u0105, dwie sale endoskopowe, sal\u0119 opatrunkow\u0105 oraz pracowni\u0119 rentgenowsk\u0105. Od pierwszych dni Klinika by\u0142a wiod\u0105cym o\u015brodkiem naukowym (tylko w pierwszych latach dzia\u0142alno\u015bci opublikowano ponad 100 prac naukowych) oraz dydaktycznym (prowadzono wyk\u0142ady i \u0107wiczenia dla student\u00f3w ostatnich lat medycyny). Jednym z najwa\u017cniejszych sukces\u00f3w naukowych Kliniki w \u00f3wczesnym czasie by\u0142y doniesienia i publikacje prof. Traczyka nad zastosowaniem fal ultrad\u017awi\u0119kowych w nieinwazyjnym leczeniu kamicy moczowej.<\/p><p>\u00a0<\/p><p>Po nag\u0142ej \u015bmierci prof. Traczyka, od 2 stycznia 1953 obowi\u0105zki kierownika Kliniki pe\u0142ni\u0142 doc. Jan Falkowski. W lipcu 1954 roku na stanowisko kierownika Kliniki zosta\u0142 mianowany prof. Stefan Weso\u0142owski, kt\u00f3ry funkcj\u0119 t\u0119 pe\u0142ni\u0142 przez 26 lat. Okres ten by\u0142 okresem niezwykle dynamicznego rozwoju kliniki. Wprowadzono nowoczesne metody leczenia chirurgicznego, m.in. wykonano pierwsze w Polsce operacje przetoki cewkowo-odbytniczej, operacje odprowadzenia moczu z u\u017cyciem wstawki jelitowej u chorych poddawanych radykalnemu wyci\u0119ciu p\u0119cherza moczowego, czy zabiegi uzupe\u0142nienia g\u00f3rnego odcinka moczowodu przeszczepionym wyrostkiem robaczkowym. Jednym z najwa\u017cniejszych dokona\u0144 prof. Weso\u0142owskiego by\u0142y zako\u0144czone sukcesem usilne d\u0105\u017cenia do uzyskania oddzielnego budynku dla Kliniki Urologii. Po ponad 20 latach stara\u0144 i 6 latach budowy, 4 stycznia 1971 roku przyj\u0119to pierwszych pacjent\u00f3w do nowej siedziby Kliniki Urologicznej, mieszcz\u0105cej si\u0119 w pawilonie VII. W budynku na 3 pi\u0119trach stworzono 3 oddzia\u0142y \u2013 m\u0119ski, \u017ce\u0144ski i dzieci\u0119cy, obejmuj\u0105ce \u0142\u0105cznie 90 \u0142\u00f3\u017cek, blok operacyjny z 3 salami, pracownie rentgenowsk\u0105, biochemii i mikrobiologii, bibliotek\u0119 z niezwykle bogatym ksi\u0119gozbiorem oraz sal\u0119 wyk\u0142adow\u0105, kt\u00f3ra sta\u0142a si\u0119 miejscem wyk\u0142ad\u00f3w dla student\u00f3w oraz miejscem posiedze\u0144 Warszawskiego Oddzia\u0142u Polskiego Towarzystwa Urologicznego.<\/p><p>\u00a0<\/p><p>Po przej\u015bciu prof. Weso\u0142owskiego na emerytur\u0119, w pa\u017adzierniku 1978 obowi\u0105zki kierownika Kliniki obj\u0105\u0142 dr hab. med. Andrzej Borkowski. W kwietniu 1980 roku na kierownika Kliniki mianowano prof. Tadeusza Krzeskiego. W kolejnych latach w spos\u00f3b szczeg\u00f3lny w Klinice rozkwit\u0142a urologia dzieci\u0119ca, szczeg\u00f3lnie bliska prof. Krzeskiemu. Za badania nad leczeniem odp\u0142ywu p\u0119cherzowo-moczowodowego u dzieci zesp\u00f3\u0142 Kliniki zosta\u0142 nagrodzony przez Ministra Zdrowia i Opieki Spo\u0142ecznej w 1992 roku. Jednocze\u015bnie istotnie unowocze\u015bniono instrumentarium chirurgiczne potrzebne do leczenia chorych na kamic\u0119 uk\u0142adu moczowego. W 1984 roku powsta\u0142a pracownia endourologii, w kt\u00f3rej przeprowadzono pierwszy w Polsce zabieg endoskopowego przezsk\u00f3rnego usuni\u0119cia kamienia nerkowego (PCNL). W 1988 uruchomiono pierwsz\u0105 w kraju pracowni\u0119 litotrypsji falami generowanymi zewn\u0105trzustrojowo (ESWL). W Klinice w 1990 roku powo\u0142ano Sekcj\u0119 Endourologii i ESWL Polskiego Towarzystwa Urologicznego. Prof. Krzeski wprowadzi\u0142 ponadto do praktyki urologicznej now\u0105 technik\u0119 operacyjn\u0105 wytwarzania pochwy z uszypu\u0142owanego p\u0142ata p\u0119cherza moczowego, stosowan\u0105 nast\u0119pnie z powodzeniem na ca\u0142ym \u015bwiecie.<\/p><p>\u00a0<\/p><p>Po odej\u015bciu prof. Krzeskiego na emerytur\u0119 w 1992 roku, funkcj\u0119 kierownika Kliniki obj\u0105\u0142 prof. Andrzej Borkowski. W kolejnych latach kontynuowane by\u0142o dzie\u0142o prof. Weso\u0142owskiego i Krzeskiego. Klinika utrzymywa\u0142a si\u0119 w grupie lider\u00f3w leczenia ma\u0142oinwazyjnego kamicy uk\u0142adu moczowego, poszerzono jednocze\u015bnie zakres operacji onkologicznych i chirurgii prostaty. Istotnie wzros\u0142a liczba wykonywanych operacji radykalnego wyci\u0119cia p\u0119cherza moczowego z wytworzeniem zast\u0119pczego p\u0119cherza jelitowego, operacji radykalnego wyci\u0119cia prostaty, nerki. Wprowadzono ponadto nowoczesne metody ma\u0142oinwazyjnego leczenia chor\u00f3b prostaty oraz uruchomiono pracowni\u0119 bada\u0144 urodynamicznych, kt\u00f3ra umo\u017cliwi\u0142a kompleksow\u0105 diagnostyk\u0119 pacjent\u00f3w cierpi\u0105cych z powodu nietrzymaniem moczu i zaburzeniami neurologicznymi dolnych dr\u00f3g moczowych.<\/p><p>\u00a0<\/p><p>W pa\u017adzierniku 2012 roku na kierownika Katedry Urologii zosta\u0142 powo\u0142any prof. Piotr Radziszewski. Rozw\u00f3j Kliniki po raz kolejny nabra\u0142 tempa, wznowiono szereg inicjatyw naukowych i szkoleniowych, jak i podj\u0119to szereg wysi\u0142k\u00f3w maj\u0105cych na celu popraw\u0119 warunk\u00f3w leczenia pacjent\u00f3w Kliniki i pracy zespo\u0142u Kliniki.<\/p><p>Przez ponad 60 lat czynnej \u2013 klinicznej, naukowej i dydaktycznej dzia\u0142alno\u015bci w Klinice pracowa\u0142o ponad 100 urolog\u00f3w, z kt\u00f3rych wi\u0119kszo\u015b\u0107 uzyska\u0142a tytu\u0142 doktora nauk medycznych, 10 uzyska\u0142o tytu\u0142 doktora habilitowanego, 10 tytu\u0142 profesora. Lekarze Kliniki przygotowali 7 podr\u0119cznik\u00f3w urologii, a wysi\u0142ki naukowe zaowocowa\u0142y setkami doniesie\u0144 i publikacji oraz licznymi nagrodami ministerialnymi i uniwersyteckimi.<\/p><p>\u00a0<\/p>\t\t\t\t\t\t\t\t<\/div>\n\t\t\t\t<\/div>\n\t\t\t\t<\/div>\n\t\t\t\t<\/div>\n\t\t\t\t<\/div>\n\t\t\t\t\t<\/div>\n\t\t\t\t<\/div>\n\t\t\t\t<\/div>\n\t\t","protected":false},"excerpt":{"rendered":"<p>Historia kliniki Historia kliniku urologii Warszawskiego Uniwersytetu Medycznego Uniwersytecka Klinika Urologii nale\u017cy do presti\u017cowego grona europejskich o\u015brodk\u00f3w urologicznych o wieloletniej historii i tradycji. Warszawskie \u015brodowisko urologiczne w okresie powojennym wyr\u00f3\u017cnia\u0142o si\u0119 wybitn\u0105 ch\u0119ci\u0105 nadania urologii w\u0142a\u015bciwej rangi w\u015br\u00f3d dyscyplin medycznych oraz ostatecznego wydzielenia tej dziedziny z chirurgii og\u00f3lnej. Dzi\u0119ki temu sto\u0142eczna Klinika jest jedn\u0105 z [&hellip;]<\/p>\n","protected":false},"author":1,"featured_media":0,"parent":0,"menu_order":0,"comment_status":"closed","ping_status":"closed","template":"elementor_header_footer","meta":{"footnotes":""},"class_list":["post-346","page","type-page","status-publish","hentry"],"_links":{"self":[{"href":"https:\/\/klinikaurologii.wum.edu.pl\/index.php\/wp-json\/wp\/v2\/pages\/346","targetHints":{"allow":["GET"]}}],"collection":[{"href":"https:\/\/klinikaurologii.wum.edu.pl\/index.php\/wp-json\/wp\/v2\/pages"}],"about":[{"href":"https:\/\/klinikaurologii.wum.edu.pl\/index.php\/wp-json\/wp\/v2\/types\/page"}],"author":[{"embeddable":true,"href":"https:\/\/klinikaurologii.wum.edu.pl\/index.php\/wp-json\/wp\/v2\/users\/1"}],"replies":[{"embeddable":true,"href":"https:\/\/klinikaurologii.wum.edu.pl\/index.php\/wp-json\/wp\/v2\/comments?post=346"}],"version-history":[{"count":126,"href":"https:\/\/klinikaurologii.wum.edu.pl\/index.php\/wp-json\/wp\/v2\/pages\/346\/revisions"}],"predecessor-version":[{"id":992,"href":"https:\/\/klinikaurologii.wum.edu.pl\/index.php\/wp-json\/wp\/v2\/pages\/346\/revisions\/992"}],"wp:attachment":[{"href":"https:\/\/klinikaurologii.wum.edu.pl\/index.php\/wp-json\/wp\/v2\/media?parent=346"}],"curies":[{"name":"wp","href":"https:\/\/api.w.org\/{rel}","templated":true}]}}